{"id":2764,"date":"2025-06-24T14:22:02","date_gmt":"2025-06-24T14:22:02","guid":{"rendered":"https:\/\/phvlatam.com\/?page_id=2764"},"modified":"2025-06-24T14:22:03","modified_gmt":"2025-06-24T14:22:03","slug":"politicas-de-privacidad","status":"publish","type":"page","link":"https:\/\/phvlatam.com\/es\/politicas-de-privacidad\/","title":{"rendered":"Politicas de Privacidad"},"content":{"rendered":"\n<ol class=\"wp-block-list\">\n<li>Pol\u00edtica de Privacidad<br>Por favor, lea detenidamente esta declaraci\u00f3n de privacidad antes de usar este Sitio, conocer\u00e1 la forma en que procesaremos sus datos personales<br>y usamos las cookies. El uso de este Sitio implica la aceptaci\u00f3n de nuestra pol\u00edtica de privacidad. En caso contrario no use este Sitio.<\/li>\n<\/ol>\n\n\n\n<p>EP\u00cdGRAFE INFORMACI\u00d3N B\u00c1SICA INFORMACI\u00d3N ADICIONAL<\/p>\n\n\n\n<p>\u00bfQui\u00e9n es el responsable? PHV LATAM ESPA\u00d1A, S.L.<\/p>\n\n\n\n<p>Domicilio principal: Avda. Pastoriza, 2- 15140, Pastoriza, A<br>Coru\u00f1a<\/p>\n\n\n\n<p>E-mail: info@phvlatam.com<br>NIF: B88592985<\/p>\n\n\n\n<p>\u00bfCu\u00e1les son las finalidades de<br>nuestros tratamientos?<\/p>\n\n\n\n<p>Prestaci\u00f3n adecuada de nuestro cat\u00e1logo<br>de servicios, con especial atenci\u00f3n a las<br>solicitudes de informaci\u00f3n que el<br>usuario visitante plantee a trav\u00e9s de los<br>formularios habilitados al efecto.<\/p>\n\n\n\n<p>Plazos o criterios de conservaci\u00f3n de datos:<\/p>\n\n\n\n<p>Todos los datos manejados ser\u00e1n tratados durante el plazo<br>indispensable para atender la solicitud.<\/p>\n\n\n\n<p>\u00bfCu\u00e1l es la base que legitima<br>los tratamientos? Nuestros tratamientos de datos<br>encuentran su legitimaci\u00f3n en el<br>consentimiento expreso del usuario<\/p>\n\n\n\n<p>Obligaci\u00f3n o no de facilitar datos y consecuencias de no hacerlo:<br>Todos los datos solicitados a nuestros usuarios son los m\u00ednimos para<br>identificar y comunicarnos seg\u00fan la petici\u00f3n indicada, cuyo<br>contenido tiene car\u00e1cter libre y voluntario.<\/p>\n\n\n\n<p>\u00bfA qui\u00e9n proporcionamos sus<\/p>\n\n\n\n<p>datos? Toda la informaci\u00f3n que tratamos de nuestros visitantes no se comunica con ning\u00fan tercero<\/p>\n\n\n\n<p>\u00bfQu\u00e9 derechos tiene usted?<\/p>\n\n\n\n<p>Acceder, rectificar y suprimir los datos,<br>as\u00ed como oponerse a alguno de nuestros<br>tratamientos, solicitar la portabilidad de<br>sus datos y\/o limitar el uso de alguno de<br>ellos, cuyo ejercicio se explica en la<br>informaci\u00f3n adicional<\/p>\n\n\n\n<p>\uf0b7<br>Puede ejercer sus derechos mediante correo electr\u00f3nico, correo<br>postal o presencialmente. \uf0b7<br>Tiene derecho a retirar el consentimiento prestado en cualquier<br>momento y sin motivaci\u00f3n alguna. \uf0b7<br>Igualmente tiene derecho a reclamar ante la autoridad de control<br>(AEPD a trav\u00e9s de su web www.aepd.es)<\/p>\n\n\n\n<p>\u00bfDe d\u00f3nde obtenemos sus<br>datos?<\/p>\n\n\n\n<p>Todos los datos son obtenidos<br>directamente del interesado<\/p>\n\n\n\n<p>Categor\u00edas de datos que se tratan:<\/p>\n\n\n\n<p>\u00bfCu\u00e1l es su procedencia? Datos identificativos b\u00e1sicos y datos de contacto<\/p>\n","protected":false},"excerpt":{"rendered":"<p>EP\u00cdGRAFE INFORMACI\u00d3N B\u00c1SICA INFORMACI\u00d3N ADICIONAL \u00bfQui\u00e9n es el responsable? PHV LATAM ESPA\u00d1A, S.L. Domicilio principal: Avda. Pastoriza, 2- 15140, Pastoriza, ACoru\u00f1a E-mail: info@phvlatam.comNIF: B88592985 \u00bfCu\u00e1les son las finalidades denuestros tratamientos? Prestaci\u00f3n adecuada de nuestro cat\u00e1logode servicios, con especial atenci\u00f3n a lassolicitudes de informaci\u00f3n que elusuario visitante plantee a trav\u00e9s de losformularios habilitados al efecto. Plazos&hellip;&nbsp;<\/p>\n<div class=\"read-more-wrapper\"><a href=\"https:\/\/phvlatam.com\/es\/politicas-de-privacidad\/\" class=\"button button-primary\" rel=\"bookmark\">Read More<span class=\"screen-reader-text\">Politicas de Privacidad<\/span><\/a><\/div>\n","protected":false},"author":1,"featured_media":0,"parent":0,"menu_order":0,"comment_status":"closed","ping_status":"closed","template":"","meta":{"neve_meta_sidebar":"","neve_meta_container":"","neve_meta_enable_content_width":"","neve_meta_content_width":0,"neve_meta_title_alignment":"","neve_meta_author_avatar":"","neve_post_elements_order":"","neve_meta_disable_header":"","neve_meta_disable_footer":"","neve_meta_disable_title":"","neve_meta_reading_time":"","_themeisle_gutenberg_block_has_review":false,"_ti_tpc_template_sync":false,"_ti_tpc_template_id":"","footnotes":""},"class_list":["post-2764","page","type-page","status-publish","hentry"],"_links":{"self":[{"href":"https:\/\/phvlatam.com\/es\/wp-json\/wp\/v2\/pages\/2764","targetHints":{"allow":["GET"]}}],"collection":[{"href":"https:\/\/phvlatam.com\/es\/wp-json\/wp\/v2\/pages"}],"about":[{"href":"https:\/\/phvlatam.com\/es\/wp-json\/wp\/v2\/types\/page"}],"author":[{"embeddable":true,"href":"https:\/\/phvlatam.com\/es\/wp-json\/wp\/v2\/users\/1"}],"replies":[{"embeddable":true,"href":"https:\/\/phvlatam.com\/es\/wp-json\/wp\/v2\/comments?post=2764"}],"version-history":[{"count":1,"href":"https:\/\/phvlatam.com\/es\/wp-json\/wp\/v2\/pages\/2764\/revisions"}],"predecessor-version":[{"id":2765,"href":"https:\/\/phvlatam.com\/es\/wp-json\/wp\/v2\/pages\/2764\/revisions\/2765"}],"wp:attachment":[{"href":"https:\/\/phvlatam.com\/es\/wp-json\/wp\/v2\/media?parent=2764"}],"curies":[{"name":"wp","href":"https:\/\/api.w.org\/{rel}","templated":true}]}}